{"id":933,"date":"2020-11-09T11:40:32","date_gmt":"2020-11-09T10:40:32","guid":{"rendered":"https:\/\/tlpa.de\/wp\/?page_id=933"},"modified":"2026-01-22T10:54:12","modified_gmt":"2026-01-22T09:54:12","slug":"anchorsandhearts","status":"publish","type":"page","link":"https:\/\/tlpa.de\/wp\/artists\/anchorsandhearts\/","title":{"rendered":"Anchors &#038; Hearts"},"content":{"rendered":"\n<div class=\"is-layout-flex wp-container-4 wp-block-columns\">\n<div class=\"is-layout-flow wp-block-column\" style=\"flex-basis:66.66%\">\n<figure class=\"wp-block-embed is-type-video is-provider-youtube wp-block-embed-youtube wp-embed-aspect-16-9 wp-has-aspect-ratio\"><div class=\"wp-block-embed__wrapper\">\n<iframe loading=\"lazy\" title=\"ANCHORS &amp; HEARTS - Never Thought (Official Video)\" width=\"580\" height=\"326\" src=\"https:\/\/www.youtube.com\/embed\/H1uanvBn7ps?feature=oembed\" frameborder=\"0\" allow=\"accelerometer; autoplay; clipboard-write; encrypted-media; gyroscope; picture-in-picture; web-share\" referrerpolicy=\"strict-origin-when-cross-origin\" allowfullscreen><\/iframe>\n<\/div><\/figure>\n<\/div>\n\n\n\n<div class=\"is-layout-flow wp-block-column\" style=\"flex-basis:33.33%\">\n<h2>Media<\/h2>\n\n\n\n<ul>\n<li><a href=\"http:\/\/www.anchorsandhearts.de\/\">anchorsandhearts.de<\/a><\/li>\n\n\n\n<li><a href=\"https:\/\/www.facebook.com\/anchorsandheartsrocks\">Facebook<\/a><\/li>\n\n\n\n<li><a href=\"https:\/\/www.instagram.com\/anchorsandhearts\/\">Instagram<\/a><\/li>\n\n\n\n<li><a href=\"https:\/\/www.youtube.com\/user\/anchorsandhearts\">YouTube<\/a><\/li>\n\n\n\n<li><a href=\"https:\/\/open.spotify.com\/artist\/3ixybKAF1bPXRJpvMrHnLr\">Spotify<\/a><\/li>\n<\/ul>\n\n\n\n<div class=\"is-layout-flex wp-block-buttons\"><\/div>\n<\/div>\n<\/div>\n\n\n\n<h2>Anchors &amp; Hearts<\/h2>\n\n\n\n<p>Die zwischen Hamburg und Bremen ans\u00e4ssigen ANCHORS &amp; HEARTS sind beileibe keine Neulinge in der hiesigen Szene, vielmehr hat die Band seit der Gr\u00fcndung 2013 bereits drei Alben ver\u00f6ffentlicht. Live ist man besonders im Zuge des letzten Albums rumgekommen: Support f\u00fcr THE USED, CRAZY TOWN, IGNITE oder CALIBAN, Shows auf dem Deichbrand, Hurricane sowie Rock am Ring. Obendrauf noch eine erfolgreiche Doppel-Headliner-Tour mit WATCH OUT STAMPEDE. \u201eWir haben jedes Konzert genossen und waren extrem fokussiert<br>auf die Shows, wodurch wir uns aber nur am Rande mit dem Schreiben neuer Songs befassten. Als Corona dann versuchte uns den Stecker zu ziehen, versp\u00fcrten wir allerdings kein Verlangen nach Ruhe \u2013 im Gegenteil!\u201c Die zwangsverordnete Live-Pause funktionierte f\u00fcr ANCHORS &amp; HEARTS wie ein Katalysator f\u00fcr neues Material. \u201eDas Songwriting lief so fl\u00fcssig wie noch nie. Nach nur sechs Wochen war alles fertig. Die neuen Songs komplett in einem Fluss entstanden, das hatten wir so noch nie\u201c, berichtet der S\u00e4nger begeistert.<\/p>\n\n\n\n<p>Dass man mit Redfield Records nun den vierten Longplayer in Angriff nimmt, stellt f\u00fcr die erfahrene Band aber trotzdem noch mal ein absolutes Karriere-Highlight dar, da das Label f\u00fcr ANCHORS &amp; HEARTS schon immer einer der Fixpunkte in der deutschen Szene war und eine Zusammenarbeit ein entsprechend erstrebenswertes Ziel darstellte: \u201eWir haben die Anf\u00e4nge des Labels mitbekommen und viele Bands abgefeiert, die dort erschienen sind. Es gibt kein Label in Deutschland, das so sehr f\u00fcr die Musik steht, die wir lieben. Jetzt ein Teil der Redfield-Family zu sein, ist eine gro\u00dfe Ehre f\u00fcr uns.\u201c<\/p>\n\n\n\n<h2 class=\"has-normal-font-size\">Upcoming Shows:<\/h2>\n\n\n\n<figure class=\"wp-block-table is-style-stripes\"><table><tbody><tr><td>14.03.26<\/td><td>DE<\/td><td>Nordenham<\/td><td>Hardcore Nacht<\/td><td><a href=\"https:\/\/jahnhalle.de\/event\/hardcore-night-anchors-hearts-watchout-stampede\/\" target=\"_blank\" rel=\"noreferrer noopener\">Mehr Infos<\/a><\/td><\/tr><tr><td>15. &#8211; 18.07.26<\/td><td>DE<\/td><td>Haunetal<\/td><td>Haune Rock<\/td><td><a href=\"https:\/\/www.haune-rock.de\/\" target=\"_blank\" rel=\"noreferrer noopener\">Mehr Infos<\/a><\/td><\/tr><tr><td>18.09.26<\/td><td>DE<\/td><td>Bremen<\/td><td>Tower<\/td><td><a href=\"https:\/\/www.eventim.de\/artist\/anchors-and-hearts\/anchors-hearts-campfire-chronicles-tour-2026-3497558\/\" target=\"_blank\" rel=\"noreferrer noopener\">Tickets<\/a><\/td><\/tr><tr><td>19.09.26<\/td><td>DE<\/td><td>Osnabr\u00fcck<\/td><td>JZ Westwerk<\/td><td><a rel=\"noreferrer noopener\" href=\"https:\/\/www.eventim.de\/artist\/anchors-and-hearts\/anchors-hearts-campfire-chronicles-tour-2026-3497558\/\" target=\"_blank\">Tickets<\/a><\/td><\/tr><tr><td>25.09.26<\/td><td>DE<\/td><td>Frankfurt a.M.<\/td><td>Nachtleben<\/td><td><a rel=\"noreferrer noopener\" href=\"https:\/\/www.eventim.de\/artist\/anchors-and-hearts\/anchors-hearts-campfire-chronicles-tour-2026-3497558\/\" target=\"_blank\">Tickets<\/a><\/td><\/tr><tr><td>26.09.26<\/td><td>DE<\/td><td>W\u00fcrzburg<\/td><td>B-Hof<\/td><td><a rel=\"noreferrer noopener\" href=\"https:\/\/www.eventim.de\/artist\/anchors-and-hearts\/anchors-hearts-campfire-chronicles-tour-2026-3497558\/\" target=\"_blank\">Tickets<\/a><\/td><\/tr><tr><td>30.10.26<\/td><td>DE<\/td><td>Berlin<\/td><td>Privatclub<\/td><td><a rel=\"noreferrer noopener\" href=\"https:\/\/www.eventim.de\/artist\/anchors-and-hearts\/anchors-hearts-campfire-chronicles-tour-2026-3497558\/\" target=\"_blank\">Tickets<\/a><\/td><\/tr><tr><td>31.10.26<\/td><td>DE<\/td><td>Hannover<\/td><td>Lux<\/td><td><a rel=\"noreferrer noopener\" href=\"https:\/\/www.eventim.de\/artist\/anchors-and-hearts\/anchors-hearts-campfire-chronicles-tour-2026-3497558\/\" target=\"_blank\">Tickets<\/a><\/td><\/tr><tr><td>06.11.26<\/td><td>DE<\/td><td>Oberhausen<\/td><td>Druckluft<\/td><td><a rel=\"noreferrer noopener\" href=\"https:\/\/www.eventim.de\/artist\/anchors-and-hearts\/anchors-hearts-campfire-chronicles-tour-2026-3497558\/\" target=\"_blank\">Tickets<\/a><\/td><\/tr><tr><td>07.11.26<\/td><td>DE<\/td><td>K\u00f6ln<\/td><td>Helios37<\/td><td><a rel=\"noreferrer noopener\" href=\"https:\/\/www.eventim.de\/artist\/anchors-and-hearts\/anchors-hearts-campfire-chronicles-tour-2026-3497558\/\" target=\"_blank\">Tickets<\/a><\/td><\/tr><tr><td>04.12.26<\/td><td>DE<\/td><td>Hamburg<\/td><td>LOGO<\/td><td><a href=\"https:\/\/www.eventim.de\/event\/anchors-hearts-campfire-chronicles-tour-2026-logo-hamburg-21027759\/\" target=\"_blank\" rel=\"noreferrer noopener\">Tickets<\/a><\/td><\/tr><\/tbody><\/table><\/figure>\n","protected":false},"excerpt":{"rendered":"<p>Media Anchors &amp; Hearts Die zwischen Hamburg und Bremen ans\u00e4ssigen ANCHORS &amp; HEARTS sind beileibe keine Neulinge in der hiesigen Szene, vielmehr hat die Band seit der Gr\u00fcndung 2013 bereits drei Alben ver\u00f6ffentlicht. Live ist man besonders im Zuge des letzten Albums rumgekommen: Support f\u00fcr THE USED, CRAZY TOWN, IGNITE oder CALIBAN, Shows auf dem [&hellip;]<\/p>\n","protected":false},"author":4,"featured_media":2735,"parent":56,"menu_order":0,"comment_status":"closed","ping_status":"closed","template":"templates\/template-full-width.php","meta":[],"_links":{"self":[{"href":"https:\/\/tlpa.de\/wp\/wp-json\/wp\/v2\/pages\/933"}],"collection":[{"href":"https:\/\/tlpa.de\/wp\/wp-json\/wp\/v2\/pages"}],"about":[{"href":"https:\/\/tlpa.de\/wp\/wp-json\/wp\/v2\/types\/page"}],"author":[{"embeddable":true,"href":"https:\/\/tlpa.de\/wp\/wp-json\/wp\/v2\/users\/4"}],"replies":[{"embeddable":true,"href":"https:\/\/tlpa.de\/wp\/wp-json\/wp\/v2\/comments?post=933"}],"version-history":[{"count":35,"href":"https:\/\/tlpa.de\/wp\/wp-json\/wp\/v2\/pages\/933\/revisions"}],"predecessor-version":[{"id":3144,"href":"https:\/\/tlpa.de\/wp\/wp-json\/wp\/v2\/pages\/933\/revisions\/3144"}],"up":[{"embeddable":true,"href":"https:\/\/tlpa.de\/wp\/wp-json\/wp\/v2\/pages\/56"}],"wp:featuredmedia":[{"embeddable":true,"href":"https:\/\/tlpa.de\/wp\/wp-json\/wp\/v2\/media\/2735"}],"wp:attachment":[{"href":"https:\/\/tlpa.de\/wp\/wp-json\/wp\/v2\/media?parent=933"}],"curies":[{"name":"wp","href":"https:\/\/api.w.org\/{rel}","templated":true}]}}