{"id":71,"date":"2020-05-29T08:12:12","date_gmt":"2020-05-29T06:12:12","guid":{"rendered":"https:\/\/tlpa.de\/wp\/?page_id=71"},"modified":"2026-02-13T08:08:24","modified_gmt":"2026-02-13T07:08:24","slug":"100-kilo-herz","status":"publish","type":"page","link":"https:\/\/tlpa.de\/wp\/artists\/100-kilo-herz\/","title":{"rendered":"100 Kilo Herz"},"content":{"rendered":"\n<div class=\"is-layout-flex wp-container-4 wp-block-columns\">\n<div class=\"is-layout-flow wp-block-column\" style=\"flex-basis:66.6%\">\n<figure class=\"wp-block-embed is-type-video is-provider-youtube wp-block-embed-youtube wp-embed-aspect-16-9 wp-has-aspect-ratio\"><div class=\"wp-block-embed__wrapper\">\n<iframe loading=\"lazy\" title=\"100 KILO HERZ \/\/ Komm mit uns (Official Music Video)\" width=\"580\" height=\"326\" src=\"https:\/\/www.youtube.com\/embed\/o6FZtaMCtjk?feature=oembed\" frameborder=\"0\" allow=\"accelerometer; autoplay; clipboard-write; encrypted-media; gyroscope; picture-in-picture; web-share\" referrerpolicy=\"strict-origin-when-cross-origin\" allowfullscreen><\/iframe>\n<\/div><\/figure>\n\n\n\n<p><\/p>\n<\/div>\n\n\n\n<div class=\"is-layout-flow wp-block-column is-vertically-aligned-top\" style=\"flex-basis:33.33%\">\n<h2>Media<\/h2>\n\n\n\n<ul>\n<li><a rel=\"noreferrer noopener\" href=\"https:\/\/www.100-kilo-herz.com\/\" target=\"_blank\">100-kilo-herz.com<\/a><\/li>\n\n\n\n<li><a rel=\"noreferrer noopener\" href=\"http:\/\/facebook.com\/100KiloHerzPunkrock\" target=\"_blank\">Facebook<\/a><\/li>\n\n\n\n<li><a rel=\"noreferrer noopener\" href=\"http:\/\/www.instagram.com\/100kiloherz\" target=\"_blank\">Instagram<\/a><\/li>\n\n\n\n<li><a rel=\"noreferrer noopener\" href=\"https:\/\/www.youtube.com\/channel\/UCpOFi7e1dVGL4QWUZJfDf6g\" target=\"_blank\">YouTube<\/a><\/li>\n\n\n\n<li><a href=\"https:\/\/open.spotify.com\/artist\/6sKOC3XdcoRZHh70zwnWFg\">Spotify<\/a><\/li>\n<\/ul>\n\n\n\n<div class=\"is-layout-flex wp-block-buttons\"><\/div>\n<\/div>\n<\/div>\n\n\n\n<h2>100 Kilo Herz<\/h2>\n\n\n\n<p>Eine Band im Stillstand ist eine tote Band. Wenn diese alte Weisheit des Musikjournalismus stimmt, dann sprudelt die Lebensenergie aus 100 Kilo Herz nur so heraus. Die Brass-Punk-Band aus Leipzig hat in den letzten Jahren alles andere als stillgestanden \u2013 und das h\u00f6rt man! Mit ihrem neuen Album \u201eHallo, Startblock\u201c katapultieren sie sich in die n\u00e4chste Runde und beweisen erneut, warum sie eine feste Gr\u00f6\u00dfe in der deutschsprachigen Musikszene sind.<\/p>\n\n\n\n<p>Die Energie und Leidenschaft, die 100 Kilo Herz seit jeher auszeichnet, pulsiert durch jeden Song ihres neuen Werks. Fans der ersten Stunde werden die unverkennbare Handschrift der Band sofort erkennen, doch zwischen den Zeilen gibt es jede Menge Neues zu entdecken. \u201eHallo, Startblock\u201c vereint alles, wof\u00fcr 100 Kilo Herz steht: eing\u00e4ngige Bl\u00e4sers\u00e4tze, mitrei\u00dfende Texte und eine geballte Ladung Punkrock-Attit\u00fcde.<\/p>\n\n\n\n<p>Dass sie auf der B\u00fchne eine echte Naturgewalt sind, bewiesen 100 Kilo Herz zuletzt bei Auftritten auf namhaften Festivals wie Rock am Ring, dem Southside Festival und dem Open Flair. Hier pr\u00e4sentierten sie ihre ungebrochene Explosivit\u00e4t und Dynamik, die nicht nur eingefleischte Fans, sondern auch neugierige Festivalbesucher in ihren Bann zog.<\/p>\n\n\n\n<p>100 Kilo Herz sind eine Band, die sich nicht auf ihren Lorbeeren ausruht, sondern immer weitergeht \u2013 voller Energie, Leidenschaft und der klaren Botschaft: Stillstand ist keine Option. Mit \u201eHallo, Startblock\u201c bringen sie diese Haltung direkt in die Herzen ihrer Zuh\u00f6rer*innen.<\/p>\n\n\n\n<p><\/p>\n\n\n\n<h2 class=\"has-normal-font-size\">Upcoming Shows:<\/h2>\n\n\n\n<figure class=\"wp-block-table is-style-stripes\"><table><tbody><tr><td>20.03.26<\/td><td>DE<\/td><td>Hameln<\/td><td>Sumpfblume<\/td><td><a rel=\"noreferrer noopener\" href=\"https:\/\/www.eventim.de\/artist\/100-kilo-herz\/100-kilo-herz-hallo-startblock-tour-2026-3333669\/\" target=\"_blank\">Tickets<\/a><\/td><\/tr><tr><td>21.03.26<\/td><td>DE<\/td><td>M\u00fcnster<\/td><td>Sputnikhalle<\/td><td><a rel=\"noreferrer noopener\" href=\"https:\/\/www.eventim.de\/artist\/100-kilo-herz\/100-kilo-herz-hallo-startblock-tour-2026-3333669\/\" target=\"_blank\">Tickets<\/a><\/td><\/tr><tr><td>27.03.26<\/td><td>DE<\/td><td>Chemnitz<\/td><td>AJZ Talschock<\/td><td><a rel=\"noreferrer noopener\" href=\"https:\/\/www.eventim.de\/artist\/100-kilo-herz\/100-kilo-herz-hallo-startblock-tour-2026-3333669\/\" target=\"_blank\">Tickets<\/a><\/td><\/tr><tr><td>28.03.26<\/td><td>DE<\/td><td>Frankfurt a.M.<\/td><td>Das Bett<\/td><td><a rel=\"noreferrer noopener\" href=\"https:\/\/www.eventim.de\/artist\/100-kilo-herz\/100-kilo-herz-hallo-startblock-tour-2026-3333669\/\" target=\"_blank\">Tickets<\/a><\/td><\/tr><tr><td>17.04.26<\/td><td>DE<\/td><td>Braunschweig<\/td><td>Westand<\/td><td><a rel=\"noreferrer noopener\" href=\"https:\/\/www.eventim.de\/artist\/100-kilo-herz\/100-kilo-herz-hallo-startblock-tour-2026-3333669\/\" target=\"_blank\">Tickets<\/a><\/td><\/tr><tr><td>18.04.26<\/td><td>DE<\/td><td>Essen<\/td><td>Don\u00b4t Panic<\/td><td><a rel=\"noreferrer noopener\" href=\"https:\/\/www.eventim.de\/artist\/100-kilo-herz\/100-kilo-herz-hallo-startblock-tour-2026-3333669\/\" target=\"_blank\">Tickets<\/a><\/td><\/tr><tr><td>07. &#8211; 09.05.26<\/td><td>DE<\/td><td>Deutzen<\/td><td>Rock am Kuhteich<\/td><td><a href=\"https:\/\/rock-am-kuhteich.de\/\" target=\"_blank\" rel=\"noreferrer noopener\">Mehr Infos<\/a><\/td><\/tr><tr><td>04. &#8211; 06.06.26<\/td><td>DE<\/td><td>Merkers<\/td><td>Rock am Berg Merkers<\/td><td><a href=\"https:\/\/www.rockamberg-merkers.de\/\" target=\"_blank\" rel=\"noreferrer noopener\">Mehr Infos<\/a><\/td><\/tr><tr><td>19. &#8211; 20.06.26<\/td><td>DE<\/td><td>Hann. M\u00fcnden<\/td><td>Rock for Tolerance<\/td><td><a href=\"https:\/\/www.rock-for-tolerance.de\/\" target=\"_blank\" rel=\"noreferrer noopener\">Mehr Infos<\/a><\/td><\/tr><tr><td>27.06.26<\/td><td>DE<\/td><td>Leipzig<\/td><td>Impericon Festival<\/td><td><a href=\"https:\/\/www.impericon.com\/de\/pages\/festival\" target=\"_blank\" rel=\"noreferrer noopener\">Mehr Infos<\/a><\/td><\/tr><tr><td>11.07.26<\/td><td>DE<\/td><td>Norderstedt<\/td><td>Match B\u00f6rner<\/td><td><a href=\"https:\/\/match-openair.de\/\" target=\"_blank\" rel=\"noreferrer noopener\">Mehr Infos<\/a><\/td><\/tr><tr><td>05 . &#8211; 09.08.26<\/td><td>DE<\/td><td>Eschwege<\/td><td>Open Flair<\/td><td><a href=\"https:\/\/www.open-flair.de\/\" target=\"_blank\" rel=\"noreferrer noopener\">Mehr Infos<\/a><\/td><\/tr><tr><td>13. &#8211; 15.08.26<\/td><td>DE<\/td><td>Sulingen<\/td><td>Reload Festival<\/td><td><a href=\"https:\/\/reload-festival.de\/\" target=\"_blank\" rel=\"noreferrer noopener\">Mehr Infos<\/a><\/td><\/tr><\/tbody><\/table><\/figure>\n","protected":false},"excerpt":{"rendered":"<p>Media 100 Kilo Herz Eine Band im Stillstand ist eine tote Band. Wenn diese alte Weisheit des Musikjournalismus stimmt, dann sprudelt die Lebensenergie aus 100 Kilo Herz nur so heraus. Die Brass-Punk-Band aus Leipzig hat in den letzten Jahren alles andere als stillgestanden \u2013 und das h\u00f6rt man! Mit ihrem neuen Album \u201eHallo, Startblock\u201c katapultieren [&hellip;]<\/p>\n","protected":false},"author":1,"featured_media":3013,"parent":56,"menu_order":0,"comment_status":"closed","ping_status":"closed","template":"templates\/template-full-width.php","meta":[],"_links":{"self":[{"href":"https:\/\/tlpa.de\/wp\/wp-json\/wp\/v2\/pages\/71"}],"collection":[{"href":"https:\/\/tlpa.de\/wp\/wp-json\/wp\/v2\/pages"}],"about":[{"href":"https:\/\/tlpa.de\/wp\/wp-json\/wp\/v2\/types\/page"}],"author":[{"embeddable":true,"href":"https:\/\/tlpa.de\/wp\/wp-json\/wp\/v2\/users\/1"}],"replies":[{"embeddable":true,"href":"https:\/\/tlpa.de\/wp\/wp-json\/wp\/v2\/comments?post=71"}],"version-history":[{"count":78,"href":"https:\/\/tlpa.de\/wp\/wp-json\/wp\/v2\/pages\/71\/revisions"}],"predecessor-version":[{"id":3232,"href":"https:\/\/tlpa.de\/wp\/wp-json\/wp\/v2\/pages\/71\/revisions\/3232"}],"up":[{"embeddable":true,"href":"https:\/\/tlpa.de\/wp\/wp-json\/wp\/v2\/pages\/56"}],"wp:featuredmedia":[{"embeddable":true,"href":"https:\/\/tlpa.de\/wp\/wp-json\/wp\/v2\/media\/3013"}],"wp:attachment":[{"href":"https:\/\/tlpa.de\/wp\/wp-json\/wp\/v2\/media?parent=71"}],"curies":[{"name":"wp","href":"https:\/\/api.w.org\/{rel}","templated":true}]}}