{"id":2421,"date":"2024-07-19T15:11:00","date_gmt":"2024-07-19T13:11:00","guid":{"rendered":"https:\/\/tlpa.de\/wp\/?page_id=2421"},"modified":"2026-02-13T09:59:10","modified_gmt":"2026-02-13T08:59:10","slug":"kupfergold","status":"publish","type":"page","link":"https:\/\/tlpa.de\/wp\/artists\/kupfergold\/","title":{"rendered":"Kupfergold"},"content":{"rendered":"\n<div class=\"is-layout-flex wp-container-3 wp-block-columns\">\n<div class=\"is-layout-flow wp-block-column\" style=\"flex-basis:66.66%\">\n<figure class=\"wp-block-embed is-type-video is-provider-youtube wp-block-embed-youtube wp-embed-aspect-16-9 wp-has-aspect-ratio\"><div class=\"wp-block-embed__wrapper\">\n<iframe loading=\"lazy\" title=\"Kupfergold - Und &#039;n Tripper (Official Video)\" width=\"580\" height=\"326\" src=\"https:\/\/www.youtube.com\/embed\/wZytBzEi3YI?feature=oembed\" frameborder=\"0\" allow=\"accelerometer; autoplay; clipboard-write; encrypted-media; gyroscope; picture-in-picture; web-share\" referrerpolicy=\"strict-origin-when-cross-origin\" allowfullscreen><\/iframe>\n<\/div><\/figure>\n<\/div>\n\n\n\n<div class=\"is-layout-flow wp-block-column\" style=\"flex-basis:33.33%\">\n<h2>Media<\/h2>\n\n\n\n<ul>\n<li><a href=\"https:\/\/www.facebook.com\/formatio.kupfergold\" target=\"_blank\" rel=\"noreferrer noopener\">formatio-kupfergold.de<\/a><\/li>\n\n\n\n<li><a href=\"https:\/\/www.instagram.com\/kupfergold_band\/\" target=\"_blank\" rel=\"noreferrer noopener\">Instagram<\/a><\/li>\n\n\n\n<li><a href=\"https:\/\/www.facebook.com\/formatio.kupfergold\" target=\"_blank\" rel=\"noreferrer noopener\">Facebook<\/a><\/li>\n<\/ul>\n<\/div>\n<\/div>\n\n\n\n<h2>Kupfergold<\/h2>\n\n\n\n<p>Kupfergold wurde im Jahr 2018 von Bonnie Banks, Eric Rhymes und Bummbummbasti als Mittelalter- und Folkband gegr\u00fcndet. Durch regelm\u00e4\u00dfige Auftritte in der der deutschen Mittelalter- und Rollenspiel-Szene sowie durch Onlinekonzerte nahm die Bekanntheit der Band stetig zu. Im Jahr 2019 wurde das Irish Folk Album &#8222;Koboldkeile&#8220; ver\u00f6ffentlicht und 2021 schlie\u00dflich mit &#8222;Heiliger Bimbatz&#8220; das erste Album mit eigenen Songs. Als Special Guest der &#8222;Leuchtturm Tour&#8220; von &#8222;Mr Hurley und die Pulveraffen&#8220; wurde 2023 das Karnevals-Feature &#8222;Leuchtturm op K\u00f6lsch&#8220; aufgenommen; 2024 folgte das zweite eigene Album &#8222;Lichtermeer&#8220; und damit verbunden auch Kupfergolds erste gleichnamige Headliner Tour. Ab diesem Zeitpunkt wurde die Band von Kai der Hai am Bass begleitet. Im Sommer 2024 folgten Auftritte auf dem Wacken Open Air, dem Summerbreeze und weiteren Szenefestivals. Der Bandname &#8222;Kupfergold&#8220; leitet sich aus den Haarfarben von Bonnie und Eric ab, die als Duo bereits seit 2010 unter diesem Namen vereinzelte Auftritte spielten und erste Songs komponierten. Mittlerweile ist die Musik von Kupfergold irgendwo zwischen Folk-Pop und -Rock einzuordnen, wobei die Band selbst ihr Genre liebevoll als &#8222;Assi-Folk&#8220; bezeichnet.<\/p>\n\n\n\n<p><\/p>\n\n\n\n<h5>Upcoming Shows:<\/h5>\n\n\n\n<figure class=\"wp-block-table is-style-stripes\"><table><tbody><tr><td>25. &#8211; 26.04.25<\/td><td>DE<\/td><td>Bad S\u00e4ckingen<\/td><td>MPS<\/td><td><a href=\"https:\/\/www.spectaculum.de\/\" target=\"_blank\" rel=\"noreferrer noopener\">Mehr Infos<\/a><\/td><\/tr><tr><td>14. &#8211; 17.05.26<\/td><td>DE<\/td><td>Rastede<\/td><td>MPS<\/td><td><a rel=\"noreferrer noopener\" href=\"https:\/\/www.spectaculum.de\/\" target=\"_blank\">Mehr Infos<\/a><\/td><\/tr><tr><td>05. &#8211; 06.06.26<\/td><td>DE<\/td><td>Holteb\u00fcttel<\/td><td>Holteb\u00fcttel Rockt<\/td><td><a href=\"https:\/\/www.h-rockt.com\/\" target=\"_blank\" rel=\"noreferrer noopener\">Mehr Infos<\/a><\/td><\/tr><tr><td>12. &#8211; 13.06.26<\/td><td>DE<\/td><td>Abenberg<\/td><td>Feuertanz<\/td><td><a href=\"https:\/\/www.feuertanz-festival.com\/\" target=\"_blank\" rel=\"noreferrer noopener\">Mehr Infos<\/a><\/td><\/tr><tr><td>11. &#8211; 14.06.26<\/td><td>AT<\/td><td>Nickelsdorf<\/td><td>Nova Rock<\/td><td><a href=\"https:\/\/www.novarock.at\/\" target=\"_blank\" rel=\"noreferrer noopener\">Mehr Infos<\/a><\/td><\/tr><tr><td>19. &#8211; 21.06.26<\/td><td>DE<\/td><td>Merseburg<\/td><td>Schlossfestspiele<\/td><td><a href=\"https:\/\/schlossfestspiele.merseburg.de\/de\/das-festival.html\" target=\"_blank\" rel=\"noreferrer noopener\">Mehr Infos<\/a><\/td><\/tr><tr><td>27.06.26<\/td><td>DE<\/td><td>Nordhorn-Brandlecht<\/td><td>Night Of Kilts<\/td><td><a href=\"https:\/\/grafschafter-highlandgames.de\/night-of-kilts\" target=\"_blank\" rel=\"noreferrer noopener\">Mehr Infos<\/a><\/td><\/tr><tr><td>18.07.26<\/td><td>DE<\/td><td>Sch\u00f6ningen<\/td><td>3. Fiebig Open Air<\/td><td><a href=\"https:\/\/www.fiebig-open-air.de\/\" target=\"_blank\" rel=\"noreferrer noopener\">Mehr Infos<\/a><\/td><\/tr><tr><td>29.07. &#8211; 01.08.26<\/td><td>DE<\/td><td>Wacken<\/td><td>W:O:A<\/td><td><a href=\"https:\/\/www.wacken.com\/de\/\" target=\"_blank\" rel=\"noreferrer noopener\">Mehr Infos<\/a><\/td><\/tr><tr><td>02. &#8211; 03.08.26<\/td><td>DE<\/td><td>B\u00fcckeburg<\/td><td>MPS<\/td><td><a rel=\"noreferrer noopener\" href=\"https:\/\/www.spectaculum.de\/\" target=\"_blank\">Mehr Infos<\/a><\/td><\/tr><tr><td>05. &#8211; 09.08.26<\/td><td>DE<\/td><td>Eschwege<\/td><td>Open Flair<\/td><td><a href=\"https:\/\/www.open-flair.de\/\" target=\"_blank\" rel=\"noreferrer noopener\">Mehr Infos<\/a><\/td><\/tr><tr><td>14. &#8211; 16.08.26<\/td><td>DE<\/td><td>Weil am Rhein<\/td><td>MPS<\/td><td><a href=\"https:\/\/www.spectaculum.de\/termine\/weil_1\/\" target=\"_blank\" rel=\"noreferrer noopener\">Mehr Infos<\/a><\/td><\/tr><tr><td>14. &#8211; 16.08.26<\/td><td>DE<\/td><td>Karben<\/td><td>Karben Open Air<\/td><td><a href=\"https:\/\/karbenopenair.de\/\" target=\"_blank\" rel=\"noreferrer noopener\">Mehr Infos<\/a><\/td><\/tr><tr><td>21. &#8211; 22.08.26<\/td><td>DE<\/td><td>Obrigheim<\/td><td>Rock im Hinterland<\/td><td><a href=\"https:\/\/rockimhinterland.de\/\" target=\"_blank\" rel=\"noreferrer noopener\">Mehr Infos<\/a><\/td><\/tr><tr><td>22. &#8211; 23.08.26<\/td><td>DE<\/td><td>Speyer<\/td><td>MPS<\/td><td><a href=\"https:\/\/www.spectaculum.de\/termine\/speyer\/\" target=\"_blank\" rel=\"noreferrer noopener\">Mehr Infos<\/a><\/td><\/tr><tr><td>29.08.26<\/td><td>DE<\/td><td>Gie\u00dfen<\/td><td>Kultursommer<\/td><td><a href=\"https:\/\/giessener-kultursommer.de\/acts\/versengold\/\" target=\"_blank\" rel=\"noreferrer noopener\">Mehr Infos<\/a><\/td><\/tr><tr><td>04. &#8211; 06.09.26<\/td><td>DE<\/td><td>Luhm\u00fchlen<\/td><td>MPS<\/td><td><a href=\"https:\/\/www.spectaculum.de\/termine\/luhmuehlen\/\" target=\"_blank\" rel=\"noreferrer noopener\">Mehr Infos<\/a><\/td><\/tr><tr><td>09.01.27<\/td><td>DE<\/td><td>K\u00f6ln<\/td><td>Kantine<\/td><td><a href=\"https:\/\/cdn.csone.dgbrt.de\/static-shop\/event\/490.html#\/category\/1506\" target=\"_blank\" rel=\"noreferrer noopener\">Tickets<\/a><\/td><\/tr><\/tbody><\/table><\/figure>\n","protected":false},"excerpt":{"rendered":"<p>Media Kupfergold Kupfergold wurde im Jahr 2018 von Bonnie Banks, Eric Rhymes und Bummbummbasti als Mittelalter- und Folkband gegr\u00fcndet. Durch regelm\u00e4\u00dfige Auftritte in der der deutschen Mittelalter- und Rollenspiel-Szene sowie durch Onlinekonzerte nahm die Bekanntheit der Band stetig zu. Im Jahr 2019 wurde das Irish Folk Album &#8222;Koboldkeile&#8220; ver\u00f6ffentlicht und 2021 schlie\u00dflich mit &#8222;Heiliger Bimbatz&#8220; [&hellip;]<\/p>\n","protected":false},"author":4,"featured_media":3029,"parent":56,"menu_order":0,"comment_status":"closed","ping_status":"closed","template":"templates\/template-full-width.php","meta":[],"_links":{"self":[{"href":"https:\/\/tlpa.de\/wp\/wp-json\/wp\/v2\/pages\/2421"}],"collection":[{"href":"https:\/\/tlpa.de\/wp\/wp-json\/wp\/v2\/pages"}],"about":[{"href":"https:\/\/tlpa.de\/wp\/wp-json\/wp\/v2\/types\/page"}],"author":[{"embeddable":true,"href":"https:\/\/tlpa.de\/wp\/wp-json\/wp\/v2\/users\/4"}],"replies":[{"embeddable":true,"href":"https:\/\/tlpa.de\/wp\/wp-json\/wp\/v2\/comments?post=2421"}],"version-history":[{"count":16,"href":"https:\/\/tlpa.de\/wp\/wp-json\/wp\/v2\/pages\/2421\/revisions"}],"predecessor-version":[{"id":3198,"href":"https:\/\/tlpa.de\/wp\/wp-json\/wp\/v2\/pages\/2421\/revisions\/3198"}],"up":[{"embeddable":true,"href":"https:\/\/tlpa.de\/wp\/wp-json\/wp\/v2\/pages\/56"}],"wp:featuredmedia":[{"embeddable":true,"href":"https:\/\/tlpa.de\/wp\/wp-json\/wp\/v2\/media\/3029"}],"wp:attachment":[{"href":"https:\/\/tlpa.de\/wp\/wp-json\/wp\/v2\/media?parent=2421"}],"curies":[{"name":"wp","href":"https:\/\/api.w.org\/{rel}","templated":true}]}}