{"id":231,"date":"2020-08-06T22:31:52","date_gmt":"2020-08-06T20:31:52","guid":{"rendered":"https:\/\/tlpa.de\/wp\/?page_id=231"},"modified":"2023-07-03T14:51:04","modified_gmt":"2023-07-03T12:51:04","slug":"dampfmaschine","status":"publish","type":"page","link":"https:\/\/tlpa.de\/wp\/artists\/dampfmaschine\/","title":{"rendered":"Dampfmaschine"},"content":{"rendered":"\n<div class=\"is-layout-flex wp-container-4 wp-block-columns\">\n<div class=\"is-layout-flow wp-block-column\" style=\"flex-basis:66.6%\">\n<figure class=\"wp-block-embed is-type-video is-provider-youtube wp-block-embed-youtube wp-embed-aspect-16-9 wp-has-aspect-ratio\"><div class=\"wp-block-embed__wrapper\">\n<iframe loading=\"lazy\" title=\"Dampfmaschine \u2013 Haben Haben Haben\" width=\"580\" height=\"326\" src=\"https:\/\/www.youtube.com\/embed\/41gikyiA894?feature=oembed\" frameborder=\"0\" allow=\"accelerometer; autoplay; clipboard-write; encrypted-media; gyroscope; picture-in-picture; web-share\" allowfullscreen><\/iframe>\n<\/div><\/figure>\n\n\n\n<p><\/p>\n<\/div>\n\n\n\n<div class=\"is-layout-flow wp-block-column is-vertically-aligned-top\" style=\"flex-basis:33.33%\">\n<h2>Media<\/h2>\n\n\n\n<ul>\n<li><a rel=\"noreferrer noopener\" href=\"http:\/\/immerdampf.de\" target=\"_blank\">immerdampf.de<\/a><\/li>\n\n\n\n<li><a href=\"http:\/\/Facebook.com\/dampfmaschine\" target=\"_blank\" rel=\"noreferrer noopener\">Facebook<\/a><\/li>\n\n\n\n<li><a href=\"https:\/\/www.youtube.com\/user\/DampfmaschineTV\" target=\"_blank\" rel=\"noreferrer noopener\">YouTube<\/a><\/li>\n<\/ul>\n\n\n\n<div class=\"is-layout-flex wp-block-buttons\">\n<div class=\"wp-block-button is-style-outline\"><a class=\"wp-block-button__link wp-element-button\" href=\"https:\/\/tlpa.de\/wp\/wp-content\/uploads\/2020\/08\/Dampfmaschine-Band-Info2020.pdf\" target=\"_blank\" rel=\"noreferrer noopener\">Press kit<\/a><\/div>\n<\/div>\n<\/div>\n<\/div>\n\n\n\n<h2>Dampfmaschine<\/h2>\n\n\n\n<p>DAMPFMASCHINE geht dorthin wo es weh tut. Keine Kompromisse. Wenn der Schwei\u00df von der Decke<br>tropft und die Maschine die B\u00fchne \u00fcberrollt, ist das nicht nur eine gigantische Wand aus massivem<br>Sound, sondern macht auch noch Spa\u00df. F\u00fcr nicht wenige ist DAMPFMASCHINE nach etlichen Touren und<br>Ver\u00f6ffentlichungen geheimer Untergrund-Hits zu Recht Kult, denn legitime Vergleiche gibt es in Deutschland<br>nicht.<\/p>\n\n\n\n<p><br>Kenner erinnern sich genau, wie DAMPFMASCHINE der deutschen Musikszene anno 2008 zeigte, wo es<br>langging und das Deb\u00fctalbum I LOVE MY BODY (Bitzcore Rec.) mal eben in 45 Minuten live und einem<br>Take einkloppte. Ein bewusster Gegenentwurf zu quasi allem und jedem \u2013 mit einem geh\u00f6rigen Hang zur<br>Eskalation.<\/p>\n\n\n\n<p><br>Im Jahr 2011 folgte das fett produzierte, doch kein bisschen weniger aggressive Album BETE ZUR<br>MASCHINE auf Redfield Rec. Vom Feuilleton bis zur gesamtem Rockpresse zeigte sich die Au\u00dfenwelt<br>kollektiv begeistert. Das Rock Hard ging nicht mehr ans Telefon, denn: \u00bbDer arschfett produzierte, in bester<br>AC\/DC- und Turbonegro-Manier erdig rotzrockende Sound der Truppe macht tierisch Laune und l\u00e4sst einen<br>zu keiner Sekunde ruhig vor den Boxen verharren.\u00ab Das OX Fanzine wusste: \u00bbSp\u00e4testens jetzt sollte man<br>DAMPFMASCHINE f\u00fcr sich entdecken!\u00ab Die Westzeit \u00e4rgerte sich: \u00bbDenn mehr als die H\u00e4lfte ihrer Gef\u00e4hrten<br>und Kollegen, die weltweites Ansehen genie\u00dfen, schaffen es nicht mal ansatzweise so echt und aufrichtig<br>zu klingen.\u00ab Und das damals noch existente Uncle Sally\u2019s gab das Kommando aus: \u00bbNiederknien, mitbeten!\u00ab<\/p>\n\n\n\n<p><br>Der Sound des dritten Langspielers BALLERBURG (Redfield Rec., 2014) ist gewohnt wuchtig, jedoch<br>wieder angenehm roh. Back to the roots, noch mehr Schock, noch mehr Rock. Noch mehr Punk, noch mehr<br>Wahnsinn. DAMPFMASCHINE geh\u00f6rte von Beginn an zur \u00bbSpeerspitze des deutschen Textwahnsinns\u00ab<br>(Visions) und stellt dies abermals eindrucksvoll zur Schau.<\/p>\n\n\n\n<p><br>Im Februar 2014 stirbt Gitarrist Fitten \u00fcberraschend und pl\u00f6tzlich war alles belanglos. Die \u00bbband of friends\u00ab<br>wurde unfreiwillig auf vier Mann reduziert. Im Sound und Drive der Band fand eine Konzentration durch<br>Reduktion statt. Der Betrieb wurde runtergefahren.<\/p>\n\n\n\n<p><br>Ein halbes Dutzend Jahre sp\u00e4ter ist DAMPFMASCHINE wieder zu f\u00fcnft. Mit Saitenhexer Lee ist die<br>Laufrichtung klar. Zudem sorgt seit 2022 Markus hinter den Kesseln f\u00fcr ordentlich Druck auf eben diesen.<br>Die Prozesse der Maschine sind optimiert, die Mechaniken verfeinert, die Funken spr\u00fchen \u2013 es l\u00e4uft<br>wieder wie geschmiert.<\/p>\n\n\n\n<h2 class=\"has-normal-font-size\">Upcoming Shows:<\/h2>\n","protected":false},"excerpt":{"rendered":"<p>Media Dampfmaschine DAMPFMASCHINE geht dorthin wo es weh tut. Keine Kompromisse. Wenn der Schwei\u00df von der Decketropft und die Maschine die B\u00fchne \u00fcberrollt, ist das nicht nur eine gigantische Wand aus massivemSound, sondern macht auch noch Spa\u00df. F\u00fcr nicht wenige ist DAMPFMASCHINE nach etlichen Touren undVer\u00f6ffentlichungen geheimer Untergrund-Hits zu Recht Kult, denn legitime Vergleiche gibt [&hellip;]<\/p>\n","protected":false},"author":1,"featured_media":1395,"parent":56,"menu_order":0,"comment_status":"closed","ping_status":"closed","template":"templates\/template-full-width.php","meta":[],"_links":{"self":[{"href":"https:\/\/tlpa.de\/wp\/wp-json\/wp\/v2\/pages\/231"}],"collection":[{"href":"https:\/\/tlpa.de\/wp\/wp-json\/wp\/v2\/pages"}],"about":[{"href":"https:\/\/tlpa.de\/wp\/wp-json\/wp\/v2\/types\/page"}],"author":[{"embeddable":true,"href":"https:\/\/tlpa.de\/wp\/wp-json\/wp\/v2\/users\/1"}],"replies":[{"embeddable":true,"href":"https:\/\/tlpa.de\/wp\/wp-json\/wp\/v2\/comments?post=231"}],"version-history":[{"count":12,"href":"https:\/\/tlpa.de\/wp\/wp-json\/wp\/v2\/pages\/231\/revisions"}],"predecessor-version":[{"id":1782,"href":"https:\/\/tlpa.de\/wp\/wp-json\/wp\/v2\/pages\/231\/revisions\/1782"}],"up":[{"embeddable":true,"href":"https:\/\/tlpa.de\/wp\/wp-json\/wp\/v2\/pages\/56"}],"wp:featuredmedia":[{"embeddable":true,"href":"https:\/\/tlpa.de\/wp\/wp-json\/wp\/v2\/media\/1395"}],"wp:attachment":[{"href":"https:\/\/tlpa.de\/wp\/wp-json\/wp\/v2\/media?parent=231"}],"curies":[{"name":"wp","href":"https:\/\/api.w.org\/{rel}","templated":true}]}}